{"id":284,"date":"2025-11-28T18:38:34","date_gmt":"2025-11-28T17:38:34","guid":{"rendered":"https:\/\/emeraudevideo.fr\/?page_id=284"},"modified":"2026-01-19T21:42:28","modified_gmt":"2026-01-19T20:42:28","slug":"a-propos","status":"publish","type":"page","link":"https:\/\/emeraudevideo.fr\/?page_id=284","title":{"rendered":"A propos"},"content":{"rendered":"\n<p class=\"has-superbfont-small-font-size\">Photographe social, je travaille autour de l\u2019humain et des relations.<br>Mon m\u00e9tier consiste \u00e0 raconter des histoires simples : une famille, une naissance, un couple, un parcours professionnel.<\/p>\n\n\n\n<p class=\"has-superbfont-small-font-size\">J\u2019accorde une grande importance \u00e0 la confiance, \u00e0 l\u2019\u00e9coute et \u00e0 la discr\u00e9tion. Chaque s\u00e9ance est pens\u00e9e comme un moment calme et respectueux, o\u00f9 chacun peut \u00eatre soi-m\u00eame.<\/p>\n\n\n\n<p class=\"has-superbfont-small-font-size\">Que ce soit pour un portrait de famille, l\u2019arriv\u00e9e d\u2019un enfant, un mariage ou la mise en valeur d\u2019un m\u00e9tier, mon objectif est de cr\u00e9er des images intemporelles, naturelles et authentiques.<br><\/p>\n\n\n\n<p class=\"has-superbfont-small-font-size\">\ud83d\udce9 Contactez-moi pour discuter de votre projet.<br><\/p>\n\n\n\n<p class=\"has-superbfont-small-font-size\">\ud83d\udccd Bas\u00e9 \u00e0 Saint-Malo<br>\ud83d\udce9 Disponible pour projets partout en France<\/p>\n\n\n\n<p><\/p>\n\n\n\n<div class=\"wp-block-buttons is-layout-flex wp-block-buttons-is-layout-flex\">\n<div class=\"wp-block-button\"><a class=\"wp-block-button__link wp-element-button\" href=\"mailto:nic.leb@proton.me\">Demander un devis pour mon projet<\/a><\/div>\n\n\n\n<div class=\"wp-block-button\"><a class=\"wp-block-button__link wp-element-button\" href=\"tel:+33777067791\">Contactez-moi<\/a><\/div>\n\n\n\n<div class=\"wp-block-button\"><a class=\"wp-block-button__link wp-element-button\" href=\"https:\/\/www.instagram.com\/\">Instagram<\/a><\/div>\n<\/div>\n\n\n\n<p><\/p>\n","protected":false},"excerpt":{"rendered":"<p>Photographe social, je travaille autour de l\u2019humain et des relations.Mon m\u00e9tier consiste \u00e0 raconter des histoires simples : une famille, une naissance, un couple, un parcours professionnel. J\u2019accorde une grande importance \u00e0 la confiance, \u00e0 l\u2019\u00e9coute et \u00e0 la discr\u00e9tion. Chaque s\u00e9ance est pens\u00e9e comme un moment calme et respectueux, o\u00f9 chacun peut \u00eatre soi-m\u00eame. [&hellip;]<\/p>\n","protected":false},"author":1,"featured_media":0,"parent":0,"menu_order":0,"comment_status":"closed","ping_status":"closed","template":"","meta":{"saved_in_kubio":true,"footnotes":""},"class_list":["post-284","page","type-page","status-publish","hentry"],"kubio_ai_page_context":{"short_desc":"","purpose":"general"},"_links":{"self":[{"href":"https:\/\/emeraudevideo.fr\/index.php?rest_route=\/wp\/v2\/pages\/284","targetHints":{"allow":["GET"]}}],"collection":[{"href":"https:\/\/emeraudevideo.fr\/index.php?rest_route=\/wp\/v2\/pages"}],"about":[{"href":"https:\/\/emeraudevideo.fr\/index.php?rest_route=\/wp\/v2\/types\/page"}],"author":[{"embeddable":true,"href":"https:\/\/emeraudevideo.fr\/index.php?rest_route=\/wp\/v2\/users\/1"}],"replies":[{"embeddable":true,"href":"https:\/\/emeraudevideo.fr\/index.php?rest_route=%2Fwp%2Fv2%2Fcomments&post=284"}],"version-history":[{"count":13,"href":"https:\/\/emeraudevideo.fr\/index.php?rest_route=\/wp\/v2\/pages\/284\/revisions"}],"predecessor-version":[{"id":585,"href":"https:\/\/emeraudevideo.fr\/index.php?rest_route=\/wp\/v2\/pages\/284\/revisions\/585"}],"wp:attachment":[{"href":"https:\/\/emeraudevideo.fr\/index.php?rest_route=%2Fwp%2Fv2%2Fmedia&parent=284"}],"curies":[{"name":"wp","href":"https:\/\/api.w.org\/{rel}","templated":true}]}}